{"id":49,"date":"2025-06-04T18:06:22","date_gmt":"2025-06-04T16:06:22","guid":{"rendered":"https:\/\/wordpress.kollbachtal.de\/?page_id=49"},"modified":"2025-06-10T14:47:19","modified_gmt":"2025-06-10T12:47:19","slug":"chronik-unseres-verbandes","status":"publish","type":"page","link":"https:\/\/www.kollbachtal.de\/index.php\/chronik-unseres-verbandes\/","title":{"rendered":"Chronik unseres Verbandes"},"content":{"rendered":"\n<div style=\"height:47px\" aria-hidden=\"true\" class=\"wp-block-spacer\"><\/div>\n\n\n\n<p><\/p>\n\n\n\n<h2 class=\"wp-block-heading\">Seit 50 Jahren \u2013 Wasserqualit\u00e4t im Verbund<\/h2>\n\n\n\n<p><\/p>\n\n\n\n<figure class=\"wp-block-image\"><img decoding=\"async\" src=\"https:\/\/www.kollbachtal.de\/images\/2018\/Apr\/16\/l_805.jpg?712200ca490335f374f9d26a007dfc75\" alt=\"Verbandsmitglieder des WZV Oberes Kollbachtal\" title=\"Verbandsmitglieder des WZV Oberes Kollbachtal\"\/><\/figure>\n\n\n\n<h4 class=\"wp-block-heading\">Heute geh\u00f6ren insgesamt sechs Kommunen aus den Landkreisen Rottal-Inn und Dingolfing-Landau zum Zweckverband Wasserversorgung Oberes Kollbachtal: die Gemeinden Falkenberg, Malgersdorf, Rimbach, Marklkofen sowie der Markt Reisbach und der Markt Simbach.<\/h4>\n\n\n\n<p>F\u00fcr unseren Zweckverband war 2015 ein ganz besonderes Jahr, denn wir feierten unser 50-j\u00e4hriges Bestehen. Es ist durchwegs eine Erfolgsgeschichte, seit den Anf\u00e4ngen im Jahr 1965, als am 10. April der Zweckverband Malgersdorf-Haberskirchen gegr\u00fcndet wurde. Heute geh\u00f6ren insgesamt sechs Kommunen aus zwei Landkreisen \u2013 Rottal-Inn und Dingolfing-Landau \u2013 zu unserem Zweckverband: die Gemeinden Falkenberg, Malgersdorf, Rimbach, Marklkofen sowie der Markt Reisbach und der Markt Simbach.<\/p>\n\n\n\n<h2 class=\"wp-block-heading\">Zweckverb\u00e4nde \u2013 eine ideale L\u00f6sung f\u00fcr kleine Gemeinden<\/h2>\n\n\n\n<p>Aufgrund der geografischen Gegebenheiten \u2013 ganz Deutschland ist von einem ziemlich gleichm\u00e4\u00dfig verteilten Wassernetz durchzogen \u2013 ist die Trinkwasserversorgung traditionell meist regional organisiert \u2013 mit vielen kleinen und mittleren Anbietern. Rund 6.200 insgesamt. Rund die H\u00e4lfte von ihnen beliefert rund 96 Prozent der bundesdeutschen Haushalte mit circa 3.600 Millionen m3&nbsp;Trinkwasser pro Jahr. Dabei liegt die Versorgung \u00fcberwiegend in kommunaler Hand.<\/p>\n\n\n\n<p>Damit auch kleinere Gemeinden ihre Aufgaben der sogenannten Daseinsvorsorge, zu denen u.a. auch die Versorgung der Bev\u00f6lkerung mit sauberem Trinkwasser geh\u00f6rt, m\u00f6glichst effizient erledigen k\u00f6nnen, hat der Gesetzgeber die M\u00f6glichkeit geschaffen, sich interkommunal, in sogenannten Zweckverb\u00e4nden zusammenzuschlie\u00dfen.<\/p>\n\n\n\n<h2 class=\"wp-block-heading\">Beginn der Erfolgsgeschichte des Zweckverbands Oberes Kollbachtal<\/h2>\n\n\n\n<p>Die Erfolgsgeschichte des Zweckverbands Oberes Kollbachtal begann 10. April 1965 mit dem Zusammenschluss der beiden Gemeinden Malgersdorf und Haberskirchen (heute Teil des Marktes Reisbach) zu einem gemeinsamen Verbund. Damals unter dem Namen Zweckverband Malgersdorf-Haberskirchen\u201c.<\/p>\n\n\n\n<p><\/p>\n\n\n\n<figure class=\"wp-block-image\"><img decoding=\"async\" src=\"https:\/\/www.kollbachtal.de\/images\/2018\/Apr\/16\/l_803.jpg?0cbbb9b851465765dbc11d31d3c32493\" alt=\"R\u00fcckblicksbilder zur Entstehung - Bild\" title=\"R\u00fcckblicksbilder zur Entstehung - Bild\"\/><\/figure>\n\n\n\n<p>Bau des Wasserturms in Bacham<\/p>\n\n\n\n<p><img loading=\"lazy\" decoding=\"async\" src=\"https:\/\/www.kollbachtal.de\/images\/2018\/Apr\/16\/l_802.jpg?8465bd3b05608ba1c3b2c191c6cafa2a\" alt=\"Wasserturm von unten - Bild\" width=\"375\" height=\"250\">Bereits Anfang der 1960er Jahre hatte sich die Gemeinde Malgersdorf im Landkreis Rottal-Inn bem\u00fcht, ihren Wasserbedarf auf weite Sicht abzudecken und f\u00fcr den sich abzeichnenden steigenden Bedarf in Zeiten des Wirtschaftswunders f\u00fcr die Zukunft ger\u00fcstet zu sein. Die Wassererkundungen verliefen allerdings ohne Erfolg. Zur gleichen Zeit stand die damals noch selbst\u00e4ndige Gemeinde Haberskirchen im Nachbarlandkreis Dingolfing-Landau vor den gleichen Herausforderungen. Die Erfolgsgeschichte des kommunalen Zweckverbands Wasserversorgung Oberes Kollbachtal begann vor einem halben Jahrhundert \u2013 genau am 10. April 1965 \u2013 mit dem Zusammenschluss der Gemeinden Malgersdorf und Haberskirchen (heute Teil des Marktes Reisbach) zu einem gemeinsamen Verbund. Damals noch unter dem Namen \u201eZweckverband Malgersdorf-Haberskirchen\u201c. Im Laufe der Jahre schlossen sich weitere Gemeinden an.<\/p>\n\n\n\n<figure class=\"wp-block-image\"><img decoding=\"async\" src=\"https:\/\/www.kollbachtal.de\/images\/2018\/Apr\/16\/l_801.jpg?7d260c187f17170117a1950f5c3c383a\" alt=\"Oberstuben Collage von vorn - Bild\" title=\"Oberstuben Collage von vorn - Bild\"\/><\/figure>\n\n\n\n<p>Oben: Hochbeh\u00e4lter in Oberstuben \u2022 Unten: Pumpwerk in St\u00f6chelsberg&nbsp;<\/p>\n\n\n\n<p><img loading=\"lazy\" decoding=\"async\" src=\"https:\/\/www.kollbachtal.de\/images\/2018\/Apr\/16\/l_800.jpg?c90cb8691383e117bc6bf465dbce0512\" alt=\"Pumpwerk in St\u00f6chelsberg - Bild\" width=\"375\" height=\"250\">Von Beginn an standen die Qualit\u00e4tssicherung des Trinkwassers auf h\u00f6chstem Niveau sowie die gesicherte Trinkwasserversorgung f\u00fcr die Bev\u00f6lkerung im Mittelpunkt der Verbandsaktivit\u00e4ten. Dazu wurde kontinuierlich die Technik auf den neuesten Stand gebracht und die Kapazit\u00e4ten dem Bedarf entsprechend ausgebaut \u2013 Brunnen, Hochbeh\u00e4lter, Maschinenh\u00e4user, Aufbereitungsanlagen, Pumpwerke und zudem ein eigener Wasserturm wurden im Laufe der Jahre errichtet. Heute wird die Wasserversorgung aus vier circa 120 Meter tiefen Brunnen im Erschlie\u00dfungsgebiet bei Kollbach gespeist.<\/p>\n\n\n\n<figure class=\"wp-block-image\"><img decoding=\"async\" src=\"https:\/\/www.kollbachtal.de\/images\/2018\/Apr\/16\/l_799.jpg?a45aa6810a9b0015760a46fe285f2703\" alt=\"Gesch\u00fctzte Brunnen des Zweckverbands bei Breitenloh - Bild\" title=\"Gesch\u00fctzte Brunnen des Zweckverbands bei Breitenloh - Bild\"\/><\/figure>\n\n\n\n<p>Gesch\u00fctzte Brunnen des Zweckverbands bei Breitenloh<\/p>\n","protected":false},"excerpt":{"rendered":"<p>Seit 50 Jahren \u2013 Wasserqualit\u00e4t im Verbund Heute geh\u00f6ren insgesamt sechs Kommunen aus den Landkreisen Rottal-Inn und Dingolfing-Landau zum Zweckverband Wasserversorgung Oberes Kollbachtal: die Gemeinden&#8230;<\/p>\n<div class=\"more-link-wrapper\"><a class=\"more-link\" href=\"https:\/\/www.kollbachtal.de\/index.php\/chronik-unseres-verbandes\/\">Weiterlesen<span class=\"screen-reader-text\">Chronik unseres Verbandes<\/span><\/a><\/div>\n","protected":false},"author":2,"featured_media":0,"parent":0,"menu_order":0,"comment_status":"closed","ping_status":"closed","template":"","meta":{"footnotes":""},"class_list":["post-49","page","type-page","status-publish","hentry","entry"],"_links":{"self":[{"href":"https:\/\/www.kollbachtal.de\/index.php\/wp-json\/wp\/v2\/pages\/49","targetHints":{"allow":["GET"]}}],"collection":[{"href":"https:\/\/www.kollbachtal.de\/index.php\/wp-json\/wp\/v2\/pages"}],"about":[{"href":"https:\/\/www.kollbachtal.de\/index.php\/wp-json\/wp\/v2\/types\/page"}],"author":[{"embeddable":true,"href":"https:\/\/www.kollbachtal.de\/index.php\/wp-json\/wp\/v2\/users\/2"}],"replies":[{"embeddable":true,"href":"https:\/\/www.kollbachtal.de\/index.php\/wp-json\/wp\/v2\/comments?post=49"}],"version-history":[{"count":4,"href":"https:\/\/www.kollbachtal.de\/index.php\/wp-json\/wp\/v2\/pages\/49\/revisions"}],"predecessor-version":[{"id":192,"href":"https:\/\/www.kollbachtal.de\/index.php\/wp-json\/wp\/v2\/pages\/49\/revisions\/192"}],"wp:attachment":[{"href":"https:\/\/www.kollbachtal.de\/index.php\/wp-json\/wp\/v2\/media?parent=49"}],"curies":[{"name":"wp","href":"https:\/\/api.w.org\/{rel}","templated":true}]}}